{"id":87,"date":"2020-09-03T14:48:12","date_gmt":"2020-09-03T22:48:12","guid":{"rendered":"http:\/\/produccionesbartimeo.com\/?page_id=87"},"modified":"2025-07-30T11:27:16","modified_gmt":"2025-07-30T18:27:16","slug":"tamanos","status":"publish","type":"page","link":"https:\/\/fotosoficiales.com\/","title":{"rendered":"Bienvenidos"},"content":{"rendered":"\t\t<div data-elementor-type=\"wp-page\" data-elementor-id=\"87\" class=\"elementor elementor-87\" data-elementor-settings=\"[]\">\n\t\t\t\t\t\t<div class=\"elementor-inner\">\n\t\t\t\t\t\t\t<div class=\"elementor-section-wrap\">\n\t\t\t\t\t\t\t<section class=\"elementor-section elementor-top-section elementor-element elementor-element-afb00a5 elementor-section-boxed elementor-section-height-default elementor-section-height-default\" data-id=\"afb00a5\" data-element_type=\"section\">\n\t\t\t\t\t\t<div class=\"elementor-container elementor-column-gap-default\">\n\t\t\t\t\t\t\t<div class=\"elementor-row\">\n\t\t\t\t\t<div class=\"elementor-column elementor-col-50 elementor-top-column elementor-element elementor-element-88afeec\" data-id=\"88afeec\" data-element_type=\"column\">\n\t\t\t<div class=\"elementor-column-wrap elementor-element-populated\">\n\t\t\t\t\t\t\t<div class=\"elementor-widget-wrap\">\n\t\t\t\t\t\t<div class=\"elementor-element elementor-element-380da45 elementor-widget elementor-widget-heading\" data-id=\"380da45\" data-element_type=\"widget\" data-widget_type=\"heading.default\">\n\t\t\t\t<div class=\"elementor-widget-container\">\n\t\t\t<h3 class=\"elementor-heading-title elementor-size-default\">C\u00f3mo registrarte y hacer tu cita:<\/h3>\t\t<\/div>\n\t\t\t\t<\/div>\n\t\t\t\t<div class=\"elementor-element elementor-element-0126db8 elementor-widget elementor-widget-html\" data-id=\"0126db8\" data-element_type=\"widget\" data-widget_type=\"html.default\">\n\t\t\t\t<div class=\"elementor-widget-container\">\n\t\t\t<iframe width=\"560\" height=\"315\" src=\"https:\/\/www.youtube.com\/embed\/ykqXBHR_H-E?si=zIs3bLGJwaecHgc8\" title=\"YouTube video player\" frameborder=\"0\"\n    loading=\"lazy\" allow=\"accelerometer; autoplay; clipboard-write; encrypted-media; gyroscope; picture-in-picture; web-share\" referrerpolicy=\"strict-origin-when-cross-origin\" allowfullscreen>\n<\/iframe>\t\t<\/div>\n\t\t\t\t<\/div>\n\t\t\t\t\t\t<\/div>\n\t\t\t\t\t<\/div>\n\t\t<\/div>\n\t\t\t\t<div class=\"elementor-column elementor-col-50 elementor-top-column elementor-element elementor-element-8d7d5f5\" data-id=\"8d7d5f5\" data-element_type=\"column\">\n\t\t\t<div class=\"elementor-column-wrap elementor-element-populated\">\n\t\t\t\t\t\t\t<div class=\"elementor-widget-wrap\">\n\t\t\t\t\t\t<div class=\"elementor-element elementor-element-201d3d6 elementor-widget elementor-widget-heading\" data-id=\"201d3d6\" data-element_type=\"widget\" data-widget_type=\"heading.default\">\n\t\t\t\t<div class=\"elementor-widget-container\">\n\t\t\t<h3 class=\"elementor-heading-title elementor-size-default\">C\u00f3mo debes presentarte:<\/h3>\t\t<\/div>\n\t\t\t\t<\/div>\n\t\t\t\t<div class=\"elementor-element elementor-element-090dd28 elementor-widget elementor-widget-html\" data-id=\"090dd28\" data-element_type=\"widget\" data-widget_type=\"html.default\">\n\t\t\t\t<div class=\"elementor-widget-container\">\n\t\t\t<iframe width=\"560\" height=\"315\" src=\"https:\/\/www.youtube.com\/embed\/GYTkPy9hy-k?si=5CQyGGZs1WqOVKG4\" title=\"YouTube video player\" frameborder=\"0\" loading=\"lazy\" allow=\"accelerometer; autoplay; clipboard-write; encrypted-media; gyroscope; picture-in-picture; web-share\" referrerpolicy=\"strict-origin-when-cross-origin\" allowfullscreen><\/iframe>\t\t<\/div>\n\t\t\t\t<\/div>\n\t\t\t\t\t\t<\/div>\n\t\t\t\t\t<\/div>\n\t\t<\/div>\n\t\t\t\t\t\t\t\t<\/div>\n\t\t\t\t\t<\/div>\n\t\t<\/section>\n\t\t\t\t<section class=\"elementor-section elementor-top-section elementor-element elementor-element-3d4b18d elementor-section-boxed elementor-section-height-default elementor-section-height-default\" data-id=\"3d4b18d\" data-element_type=\"section\">\n\t\t\t\t\t\t<div class=\"elementor-container elementor-column-gap-default\">\n\t\t\t\t\t\t\t<div class=\"elementor-row\">\n\t\t\t\t\t<div class=\"elementor-column elementor-col-33 elementor-top-column elementor-element elementor-element-53fff53\" data-id=\"53fff53\" data-element_type=\"column\">\n\t\t\t<div class=\"elementor-column-wrap elementor-element-populated\">\n\t\t\t\t\t\t\t<div class=\"elementor-widget-wrap\">\n\t\t\t\t\t\t<div class=\"elementor-element elementor-element-bc0cef5 elementor-position-top elementor-vertical-align-top elementor-widget elementor-widget-image-box\" data-id=\"bc0cef5\" data-element_type=\"widget\" data-widget_type=\"image-box.default\">\n\t\t\t\t<div class=\"elementor-widget-container\">\n\t\t\t<div class=\"elementor-image-box-wrapper\"><figure class=\"elementor-image-box-img\"><img loading=\"lazy\" decoding=\"async\" width=\"709\" height=\"1063\" src=\"https:\/\/fotosoficiales.com\/wp-content\/uploads\/2020\/09\/Titulo-6x9-2.png\" class=\"attachment-full size-full\" alt=\"\" srcset=\"https:\/\/fotosoficiales.com\/wp-content\/uploads\/2020\/09\/Titulo-6x9-2.png 709w, https:\/\/fotosoficiales.com\/wp-content\/uploads\/2020\/09\/Titulo-6x9-2-400x600.png 400w, https:\/\/fotosoficiales.com\/wp-content\/uploads\/2020\/09\/Titulo-6x9-2-200x300.png 200w, https:\/\/fotosoficiales.com\/wp-content\/uploads\/2020\/09\/Titulo-6x9-2-683x1024.png 683w\" sizes=\"(max-width: 709px) 100vw, 709px\" \/><\/figure><div class=\"elementor-image-box-content\"><h3 class=\"elementor-image-box-title\">T\u00edtulo<\/h3><p class=\"elementor-image-box-description\">Forma: Ovalada<br>\nTama\u00f1o: 6 x 9 cm<br>\nColor: Blanco y Negro<br>\nPapel: Mate<br>\nFondo: Blanco\/Gris<\/p><\/div><\/div>\t\t<\/div>\n\t\t\t\t<\/div>\n\t\t\t\t\t\t<\/div>\n\t\t\t\t\t<\/div>\n\t\t<\/div>\n\t\t\t\t<div class=\"elementor-column elementor-col-33 elementor-top-column elementor-element elementor-element-db4fdd6\" data-id=\"db4fdd6\" data-element_type=\"column\">\n\t\t\t<div class=\"elementor-column-wrap elementor-element-populated\">\n\t\t\t\t\t\t\t<div class=\"elementor-widget-wrap\">\n\t\t\t\t\t\t<div class=\"elementor-element elementor-element-9fa3b68 elementor-position-top elementor-vertical-align-top elementor-widget elementor-widget-image-box\" data-id=\"9fa3b68\" data-element_type=\"widget\" data-widget_type=\"image-box.default\">\n\t\t\t\t<div class=\"elementor-widget-container\">\n\t\t\t<div class=\"elementor-image-box-wrapper\"><figure class=\"elementor-image-box-img\"><img loading=\"lazy\" decoding=\"async\" width=\"591\" height=\"827\" src=\"https:\/\/fotosoficiales.com\/wp-content\/uploads\/2020\/09\/Diploma-5x7-2.png\" class=\"attachment-full size-full\" alt=\"\" srcset=\"https:\/\/fotosoficiales.com\/wp-content\/uploads\/2020\/09\/Diploma-5x7-2.png 591w, https:\/\/fotosoficiales.com\/wp-content\/uploads\/2020\/09\/Diploma-5x7-2-400x560.png 400w\" sizes=\"(max-width: 591px) 100vw, 591px\" \/><\/figure><div class=\"elementor-image-box-content\"><h3 class=\"elementor-image-box-title\">Diploma<\/h3><p class=\"elementor-image-box-description\">Forma: Ovalada<br>\nTama\u00f1o: 5 x 7 cm<br>\nColor: Blanco y Negro<br>\nPapel: Mate\/semimate<br>\nFondo: Blanco\/Gris<\/p><\/div><\/div>\t\t<\/div>\n\t\t\t\t<\/div>\n\t\t\t\t\t\t<\/div>\n\t\t\t\t\t<\/div>\n\t\t<\/div>\n\t\t\t\t<div class=\"elementor-column elementor-col-33 elementor-top-column elementor-element elementor-element-2d73f74\" data-id=\"2d73f74\" data-element_type=\"column\">\n\t\t\t<div class=\"elementor-column-wrap elementor-element-populated\">\n\t\t\t\t\t\t\t<div class=\"elementor-widget-wrap\">\n\t\t\t\t\t\t<div class=\"elementor-element elementor-element-6b764a9 elementor-position-top elementor-vertical-align-top elementor-widget elementor-widget-image-box\" data-id=\"6b764a9\" data-element_type=\"widget\" data-widget_type=\"image-box.default\">\n\t\t\t\t<div class=\"elementor-widget-container\">\n\t\t\t<div class=\"elementor-image-box-wrapper\"><figure class=\"elementor-image-box-img\"><img loading=\"lazy\" decoding=\"async\" width=\"413\" height=\"591\" src=\"https:\/\/fotosoficiales.com\/wp-content\/uploads\/2020\/09\/Credencial-3.5x5rect.png\" class=\"attachment-full size-full\" alt=\"\" srcset=\"https:\/\/fotosoficiales.com\/wp-content\/uploads\/2020\/09\/Credencial-3.5x5rect.png 413w, https:\/\/fotosoficiales.com\/wp-content\/uploads\/2020\/09\/Credencial-3.5x5rect-210x300.png 210w, https:\/\/fotosoficiales.com\/wp-content\/uploads\/2020\/09\/Credencial-3.5x5rect-400x572.png 400w\" sizes=\"(max-width: 413px) 100vw, 413px\" \/><\/figure><div class=\"elementor-image-box-content\"><h3 class=\"elementor-image-box-title\">Credencial<\/h3><p class=\"elementor-image-box-description\">Forma: Rectangular<br>\nTama\u00f1o: 3.5 x 5 cm<br>\nColor: Blanco y Negro<br>\nPapel: Mate<br>\nFondo: Blanco\/Gris <\/p><\/div><\/div>\t\t<\/div>\n\t\t\t\t<\/div>\n\t\t\t\t\t\t<\/div>\n\t\t\t\t\t<\/div>\n\t\t<\/div>\n\t\t\t\t\t\t\t\t<\/div>\n\t\t\t\t\t<\/div>\n\t\t<\/section>\n\t\t\t\t<section class=\"elementor-section elementor-top-section elementor-element elementor-element-eb69bd1 elementor-section-boxed elementor-section-height-default elementor-section-height-default\" data-id=\"eb69bd1\" data-element_type=\"section\">\n\t\t\t\t\t\t<div class=\"elementor-container elementor-column-gap-default\">\n\t\t\t\t\t\t\t<div class=\"elementor-row\">\n\t\t\t\t\t<div class=\"elementor-column elementor-col-33 elementor-top-column elementor-element elementor-element-b3d76dd\" data-id=\"b3d76dd\" data-element_type=\"column\">\n\t\t\t<div class=\"elementor-column-wrap elementor-element-populated\">\n\t\t\t\t\t\t\t<div class=\"elementor-widget-wrap\">\n\t\t\t\t\t\t<div class=\"elementor-element elementor-element-ea56e70 elementor-position-top elementor-vertical-align-top elementor-widget elementor-widget-image-box\" data-id=\"ea56e70\" data-element_type=\"widget\" data-widget_type=\"image-box.default\">\n\t\t\t\t<div class=\"elementor-widget-container\">\n\t\t\t<div class=\"elementor-image-box-wrapper\"><figure class=\"elementor-image-box-img\"><img loading=\"lazy\" decoding=\"async\" width=\"295\" height=\"354\" src=\"https:\/\/fotosoficiales.com\/wp-content\/uploads\/2020\/09\/Infantil-2.5x3-2.png\" class=\"attachment-full size-full\" alt=\"\" srcset=\"https:\/\/fotosoficiales.com\/wp-content\/uploads\/2020\/09\/Infantil-2.5x3-2.png 295w, https:\/\/fotosoficiales.com\/wp-content\/uploads\/2020\/09\/Infantil-2.5x3-2-250x300.png 250w\" sizes=\"(max-width: 295px) 100vw, 295px\" \/><\/figure><div class=\"elementor-image-box-content\"><h3 class=\"elementor-image-box-title\">Infantil<\/h3><p class=\"elementor-image-box-description\">Forma: Rectangular<br>\nTama\u00f1o: 2.5 x 3 cm<br>\nColor: Blanco\/Negro o Color<br>\nPapel: Mate\/semimate<br>\nFondo: Blanco<\/p><\/div><\/div>\t\t<\/div>\n\t\t\t\t<\/div>\n\t\t\t\t\t\t<\/div>\n\t\t\t\t\t<\/div>\n\t\t<\/div>\n\t\t\t\t<div class=\"elementor-column elementor-col-33 elementor-top-column elementor-element elementor-element-c64eaf3\" data-id=\"c64eaf3\" data-element_type=\"column\">\n\t\t\t<div class=\"elementor-column-wrap elementor-element-populated\">\n\t\t\t\t\t\t\t<div class=\"elementor-widget-wrap\">\n\t\t\t\t\t\t<div class=\"elementor-element elementor-element-94e031a elementor-position-top elementor-vertical-align-top elementor-widget elementor-widget-image-box\" data-id=\"94e031a\" data-element_type=\"widget\" data-widget_type=\"image-box.default\">\n\t\t\t\t<div class=\"elementor-widget-container\">\n\t\t\t<div class=\"elementor-image-box-wrapper\"><figure class=\"elementor-image-box-img\"><img loading=\"lazy\" decoding=\"async\" width=\"413\" height=\"531\" src=\"https:\/\/fotosoficiales.com\/wp-content\/uploads\/2020\/09\/0313100011-Cartilla.jpg\" class=\"attachment-full size-full\" alt=\"\" srcset=\"https:\/\/fotosoficiales.com\/wp-content\/uploads\/2020\/09\/0313100011-Cartilla.jpg 413w, https:\/\/fotosoficiales.com\/wp-content\/uploads\/2020\/09\/0313100011-Cartilla-233x300.jpg 233w, https:\/\/fotosoficiales.com\/wp-content\/uploads\/2020\/09\/0313100011-Cartilla-400x514.jpg 400w\" sizes=\"(max-width: 413px) 100vw, 413px\" \/><\/figure><div class=\"elementor-image-box-content\"><h3 class=\"elementor-image-box-title\">Cartilla Militar<\/h3><p class=\"elementor-image-box-description\">Forma: Rectangular<br>\nTama\u00f1o: 3.5 x 4.5 cm<br>\nColor: Blanco y Negro<br>\nPapel: Mate<br>\nFondo: Blanco<br><\/p><\/div><\/div>\t\t<\/div>\n\t\t\t\t<\/div>\n\t\t\t\t\t\t<\/div>\n\t\t\t\t\t<\/div>\n\t\t<\/div>\n\t\t\t\t<div class=\"elementor-column elementor-col-33 elementor-top-column elementor-element elementor-element-ac7bcbb\" data-id=\"ac7bcbb\" data-element_type=\"column\">\n\t\t\t<div class=\"elementor-column-wrap elementor-element-populated\">\n\t\t\t\t\t\t\t<div class=\"elementor-widget-wrap\">\n\t\t\t\t\t\t<div class=\"elementor-element elementor-element-4a84e0c elementor-position-top elementor-vertical-align-top elementor-widget elementor-widget-image-box\" data-id=\"4a84e0c\" data-element_type=\"widget\" data-widget_type=\"image-box.default\">\n\t\t\t\t<div class=\"elementor-widget-container\">\n\t\t\t<div class=\"elementor-image-box-wrapper\"><figure class=\"elementor-image-box-img\"><img loading=\"lazy\" decoding=\"async\" width=\"413\" height=\"591\" src=\"https:\/\/fotosoficiales.com\/wp-content\/uploads\/2020\/09\/Mignon-3.5x5-2.png\" class=\"attachment-full size-full\" alt=\"\" srcset=\"https:\/\/fotosoficiales.com\/wp-content\/uploads\/2020\/09\/Mignon-3.5x5-2.png 413w, https:\/\/fotosoficiales.com\/wp-content\/uploads\/2020\/09\/Mignon-3.5x5-2-400x572.png 400w, https:\/\/fotosoficiales.com\/wp-content\/uploads\/2020\/09\/Mignon-3.5x5-2-210x300.png 210w\" sizes=\"(max-width: 413px) 100vw, 413px\" \/><\/figure><div class=\"elementor-image-box-content\"><h3 class=\"elementor-image-box-title\">Filiaci\u00f3n Mignon<\/h3><p class=\"elementor-image-box-description\">Forma: Ovalada<br>\nTama\u00f1o: 3.5 x 5 cm<br>\nColor: Blanco\/Negro o Color<br>\nPapel: Mate\/semimate<br>\nFondo: Blanco\/Gris<br><\/p><\/div><\/div>\t\t<\/div>\n\t\t\t\t<\/div>\n\t\t\t\t\t\t<\/div>\n\t\t\t\t\t<\/div>\n\t\t<\/div>\n\t\t\t\t\t\t\t\t<\/div>\n\t\t\t\t\t<\/div>\n\t\t<\/section>\n\t\t\t\t<section class=\"elementor-section elementor-top-section elementor-element elementor-element-43ac86f elementor-section-boxed elementor-section-height-default elementor-section-height-default\" data-id=\"43ac86f\" data-element_type=\"section\">\n\t\t\t\t\t\t<div class=\"elementor-container elementor-column-gap-default\">\n\t\t\t\t\t\t\t<div class=\"elementor-row\">\n\t\t\t\t\t<div class=\"elementor-column elementor-col-100 elementor-top-column elementor-element elementor-element-c44d0a1\" data-id=\"c44d0a1\" data-element_type=\"column\">\n\t\t\t<div class=\"elementor-column-wrap elementor-element-populated\">\n\t\t\t\t\t\t\t<div class=\"elementor-widget-wrap\">\n\t\t\t\t\t\t<div class=\"elementor-element elementor-element-521747a elementor-widget elementor-widget-spacer\" data-id=\"521747a\" data-element_type=\"widget\" data-widget_type=\"spacer.default\">\n\t\t\t\t<div class=\"elementor-widget-container\">\n\t\t\t\t\t<div class=\"elementor-spacer\">\n\t\t\t<div class=\"elementor-spacer-inner\"><\/div>\n\t\t<\/div>\n\t\t\t\t<\/div>\n\t\t\t\t<\/div>\n\t\t\t\t\t\t<\/div>\n\t\t\t\t\t<\/div>\n\t\t<\/div>\n\t\t\t\t\t\t\t\t<\/div>\n\t\t\t\t\t<\/div>\n\t\t<\/section>\n\t\t\t\t<section class=\"elementor-section elementor-top-section elementor-element elementor-element-3a2c128 elementor-section-boxed elementor-section-height-default elementor-section-height-default\" data-id=\"3a2c128\" data-element_type=\"section\">\n\t\t\t\t\t\t<div class=\"elementor-container elementor-column-gap-default\">\n\t\t\t\t\t\t\t<div class=\"elementor-row\">\n\t\t\t\t\t<div class=\"elementor-column elementor-col-100 elementor-top-column elementor-element elementor-element-e03e9d8\" data-id=\"e03e9d8\" data-element_type=\"column\">\n\t\t\t<div class=\"elementor-column-wrap elementor-element-populated\">\n\t\t\t\t\t\t\t<div class=\"elementor-widget-wrap\">\n\t\t\t\t\t\t<div class=\"elementor-element elementor-element-17b44cc elementor-widget elementor-widget-spacer\" data-id=\"17b44cc\" data-element_type=\"widget\" data-widget_type=\"spacer.default\">\n\t\t\t\t<div class=\"elementor-widget-container\">\n\t\t\t\t\t<div class=\"elementor-spacer\">\n\t\t\t<div class=\"elementor-spacer-inner\"><\/div>\n\t\t<\/div>\n\t\t\t\t<\/div>\n\t\t\t\t<\/div>\n\t\t\t\t<div class=\"elementor-element elementor-element-28d9b63 elementor-widget elementor-widget-image-gallery\" data-id=\"28d9b63\" data-element_type=\"widget\" data-widget_type=\"image-gallery.default\">\n\t\t\t\t<div class=\"elementor-widget-container\">\n\t\t\t\t\t<div class=\"elementor-image-gallery\">\n\t\t\t<div id='gallery-1' class='gallery galleryid-87 gallery-columns-3 gallery-size-shop_catalog'><figure class='gallery-item'>\n\t\t\t<div class='gallery-icon portrait'>\n\t\t\t\t<a data-elementor-open-lightbox=\"yes\" data-elementor-lightbox-slideshow=\"28d9b63\" data-elementor-lightbox-title=\"Mujer_sin_saco\" href='https:\/\/fotosoficiales.com\/wp-content\/uploads\/2020\/09\/Mujer_sin_saco.png'><img loading=\"lazy\" decoding=\"async\" width=\"400\" height=\"400\" src=\"https:\/\/fotosoficiales.com\/wp-content\/uploads\/2020\/09\/Mujer_sin_saco-400x400.png\" class=\"attachment-shop_catalog size-shop_catalog\" alt=\"\" srcset=\"https:\/\/fotosoficiales.com\/wp-content\/uploads\/2020\/09\/Mujer_sin_saco-400x400.png 400w, https:\/\/fotosoficiales.com\/wp-content\/uploads\/2020\/09\/Mujer_sin_saco-100x100.png 100w, https:\/\/fotosoficiales.com\/wp-content\/uploads\/2020\/09\/Mujer_sin_saco-150x150.png 150w\" sizes=\"(max-width: 400px) 100vw, 400px\" \/><\/a>\n\t\t\t<\/div><\/figure><figure class='gallery-item'>\n\t\t\t<div class='gallery-icon landscape'>\n\t\t\t\t<a data-elementor-open-lightbox=\"yes\" data-elementor-lightbox-slideshow=\"28d9b63\" data-elementor-lightbox-title=\"pngwing.com\" href='https:\/\/fotosoficiales.com\/wp-content\/uploads\/2020\/09\/pngwing.com_-1.png'><img loading=\"lazy\" decoding=\"async\" width=\"400\" height=\"400\" src=\"https:\/\/fotosoficiales.com\/wp-content\/uploads\/2020\/09\/pngwing.com_-1-400x400.png\" class=\"attachment-shop_catalog size-shop_catalog\" alt=\"\" srcset=\"https:\/\/fotosoficiales.com\/wp-content\/uploads\/2020\/09\/pngwing.com_-1-400x400.png 400w, https:\/\/fotosoficiales.com\/wp-content\/uploads\/2020\/09\/pngwing.com_-1-100x100.png 100w, https:\/\/fotosoficiales.com\/wp-content\/uploads\/2020\/09\/pngwing.com_-1-300x300.png 300w, https:\/\/fotosoficiales.com\/wp-content\/uploads\/2020\/09\/pngwing.com_-1-150x150.png 150w, https:\/\/fotosoficiales.com\/wp-content\/uploads\/2020\/09\/pngwing.com_-1.png 512w\" sizes=\"(max-width: 400px) 100vw, 400px\" \/><\/a>\n\t\t\t<\/div><\/figure><figure class='gallery-item'>\n\t\t\t<div class='gallery-icon portrait'>\n\t\t\t\t<a data-elementor-open-lightbox=\"yes\" data-elementor-lightbox-slideshow=\"28d9b63\" data-elementor-lightbox-title=\"Mujer_con_saco\" href='https:\/\/fotosoficiales.com\/wp-content\/uploads\/2020\/09\/Mujer_con_saco.png'><img loading=\"lazy\" decoding=\"async\" width=\"400\" height=\"400\" src=\"https:\/\/fotosoficiales.com\/wp-content\/uploads\/2020\/09\/Mujer_con_saco-400x400.png\" class=\"attachment-shop_catalog size-shop_catalog\" alt=\"\" srcset=\"https:\/\/fotosoficiales.com\/wp-content\/uploads\/2020\/09\/Mujer_con_saco-400x400.png 400w, https:\/\/fotosoficiales.com\/wp-content\/uploads\/2020\/09\/Mujer_con_saco-100x100.png 100w, https:\/\/fotosoficiales.com\/wp-content\/uploads\/2020\/09\/Mujer_con_saco-150x150.png 150w\" sizes=\"(max-width: 400px) 100vw, 400px\" \/><\/a>\n\t\t\t<\/div><\/figure>\n\t\t<\/div>\n\t\t<\/div>\n\t\t\t\t<\/div>\n\t\t\t\t<\/div>\n\t\t\t\t<div class=\"elementor-element elementor-element-1db2935 elementor-widget elementor-widget-heading\" data-id=\"1db2935\" data-element_type=\"widget\" data-widget_type=\"heading.default\">\n\t\t\t\t<div class=\"elementor-widget-container\">\n\t\t\t<h3 class=\"elementor-heading-title elementor-size-default\">Fotomontaje de sacos y edici\u00f3n de fotograf\u00eda<\/h3>\t\t<\/div>\n\t\t\t\t<\/div>\n\t\t\t\t<div class=\"elementor-element elementor-element-6b8039c elementor-widget elementor-widget-text-editor\" data-id=\"6b8039c\" data-element_type=\"widget\" data-widget_type=\"text-editor.default\">\n\t\t\t\t<div class=\"elementor-widget-container\">\n\t\t\t\t\t<div class=\"elementor-text-editor elementor-clearfix\"><p style=\"text-align: center;\">Ofrecemos el servicio de toma de fotograf\u00eda, as\u00ed como la edici\u00f3n de la misma para que cumpla los requerimientos solicitados. En caso de requerir saco nosotros realizamos la edici\u00f3n digital.<\/p><\/div>\n\t\t\t\t<\/div>\n\t\t\t\t<\/div>\n\t\t\t\t\t\t<\/div>\n\t\t\t\t\t<\/div>\n\t\t<\/div>\n\t\t\t\t\t\t\t\t<\/div>\n\t\t\t\t\t<\/div>\n\t\t<\/section>\n\t\t\t\t\t\t<\/div>\n\t\t\t\t\t\t<\/div>\n\t\t\t\t\t<\/div>\n\t\t","protected":false},"excerpt":{"rendered":"<p>C\u00f3mo registrarte y hacer tu cita: C\u00f3mo debes presentarte: T\u00edtulo Forma: Ovalada Tama\u00f1o: 6 x 9 cm Color: Blanco y Negro Papel: Mate Fondo: Blanco\/Gris Diploma Forma: Ovalada Tama\u00f1o: 5 x 7 cm Color: Blanco y Negro Papel: Mate\/semimate Fondo: Blanco\/Gris Credencial Forma: Rectangular Tama\u00f1o: 3.5 x 5 cm Color: Blanco y Negro Papel: Mate&#8230;<\/p>\n","protected":false},"author":1,"featured_media":0,"parent":0,"menu_order":0,"comment_status":"closed","ping_status":"closed","template":"","meta":{"footnotes":"","_joinchat":[]},"_links":{"self":[{"href":"https:\/\/fotosoficiales.com\/index.php?rest_route=\/wp\/v2\/pages\/87"}],"collection":[{"href":"https:\/\/fotosoficiales.com\/index.php?rest_route=\/wp\/v2\/pages"}],"about":[{"href":"https:\/\/fotosoficiales.com\/index.php?rest_route=\/wp\/v2\/types\/page"}],"author":[{"embeddable":true,"href":"https:\/\/fotosoficiales.com\/index.php?rest_route=\/wp\/v2\/users\/1"}],"replies":[{"embeddable":true,"href":"https:\/\/fotosoficiales.com\/index.php?rest_route=%2Fwp%2Fv2%2Fcomments&post=87"}],"version-history":[{"count":259,"href":"https:\/\/fotosoficiales.com\/index.php?rest_route=\/wp\/v2\/pages\/87\/revisions"}],"predecessor-version":[{"id":2002,"href":"https:\/\/fotosoficiales.com\/index.php?rest_route=\/wp\/v2\/pages\/87\/revisions\/2002"}],"wp:attachment":[{"href":"https:\/\/fotosoficiales.com\/index.php?rest_route=%2Fwp%2Fv2%2Fmedia&parent=87"}],"curies":[{"name":"wp","href":"https:\/\/api.w.org\/{rel}","templated":true}]}}