{"id":160,"date":"2020-09-07T11:35:58","date_gmt":"2020-09-07T19:35:58","guid":{"rendered":"http:\/\/produccionesbartimeo.com\/?post_type=product&#038;p=160"},"modified":"2025-01-15T12:26:04","modified_gmt":"2025-01-15T20:26:04","slug":"titulo","status":"publish","type":"product","link":"https:\/\/fotosoficiales.com\/?product=titulo","title":{"rendered":"Fotograf\u00eda T\u00edtulo"},"content":{"rendered":"\n<p>&nbsp;<\/p>\n<p>Cantidad: 4 fotos por paquete.<\/p>\n<p>Tama\u00f1o: 6 x 9 cm.<\/p>\n<p>Forma: Ovalada<\/p>\n","protected":false},"excerpt":{"rendered":"<p>4 Fotograf\u00edas tama\u00f1o t\u00edtulo en blanco y negro.<\/p>\n[xyz-ihs snippet=\"IndicacionCalendario\"]\n[CPABC_APPOINTMENT_CALENDAR calendar=\"1\"]\n","protected":false},"featured_media":391,"template":"","meta":[],"_links":{"self":[{"href":"https:\/\/fotosoficiales.com\/index.php?rest_route=\/wp\/v2\/product\/160"}],"collection":[{"href":"https:\/\/fotosoficiales.com\/index.php?rest_route=\/wp\/v2\/product"}],"about":[{"href":"https:\/\/fotosoficiales.com\/index.php?rest_route=\/wp\/v2\/types\/product"}],"wp:featuredmedia":[{"embeddable":true,"href":"https:\/\/fotosoficiales.com\/index.php?rest_route=\/wp\/v2\/media\/391"}],"wp:attachment":[{"href":"https:\/\/fotosoficiales.com\/index.php?rest_route=%2Fwp%2Fv2%2Fmedia&parent=160"}],"curies":[{"name":"wp","href":"https:\/\/api.w.org\/{rel}","templated":true}]}}