{"id":296,"date":"2020-09-09T14:53:51","date_gmt":"2020-09-09T21:53:51","guid":{"rendered":"http:\/\/produccionesbartimeo.com\/?post_type=product&#038;p=296"},"modified":"2022-03-03T15:42:14","modified_gmt":"2022-03-03T23:42:14","slug":"paquete-de-fotos-1","status":"publish","type":"product","link":"https:\/\/fotosoficiales.com\/?product=paquete-de-fotos-1","title":{"rendered":"Paquete de fotos UTT"},"content":{"rendered":"<p>Estas Fotos incluyen los siguientes procesos:<br \/>\n&#8211; Toma de Fotograf\u00eda Calidad Profesional<br \/>\n&#8211; Edici\u00f3n y Retoque para cumplir criterios de Fotos de Titulaci\u00f3n<br \/>\n&#8211; Colocaci\u00f3n de Traje Negro en los Hombres o Traje Sastre con blusa en mujeres de forma Digital<br \/>\n&#8211; Env\u00edo de Foto Original y Editada para revisi\u00f3n antes de imprimirse<\/p>\n","protected":false},"excerpt":{"rendered":"<p>4 Fotograf\u00edas tama\u00f1o t\u00edtulo y 16 Fotograf\u00edas tama\u00f1o infantil en papel mate, Repelentes al Agua, Calidad Museo, No se decoloran al contacto con el sol y tienen una vida de 30 a\u00f1os, con adhesivo en la parte posterior.<\/p>\n[xyz-ihs snippet=\"IndicacionCalendario\"]\n","protected":false},"featured_media":602,"template":"","meta":[],"_links":{"self":[{"href":"https:\/\/fotosoficiales.com\/index.php?rest_route=\/wp\/v2\/product\/296"}],"collection":[{"href":"https:\/\/fotosoficiales.com\/index.php?rest_route=\/wp\/v2\/product"}],"about":[{"href":"https:\/\/fotosoficiales.com\/index.php?rest_route=\/wp\/v2\/types\/product"}],"wp:featuredmedia":[{"embeddable":true,"href":"https:\/\/fotosoficiales.com\/index.php?rest_route=\/wp\/v2\/media\/602"}],"wp:attachment":[{"href":"https:\/\/fotosoficiales.com\/index.php?rest_route=%2Fwp%2Fv2%2Fmedia&parent=296"}],"curies":[{"name":"wp","href":"https:\/\/api.w.org\/{rel}","templated":true}]}}